{"id":620,"date":"2023-11-12T17:18:08","date_gmt":"2023-11-12T17:18:08","guid":{"rendered":"https:\/\/madebycat.com\/dev\/oyster\/kultur\/"},"modified":"2024-09-03T15:38:37","modified_gmt":"2024-09-03T15:38:37","slug":"kultur","status":"publish","type":"page","link":"https:\/\/oysterbc.com\/tr\/kultur\/","title":{"rendered":"K\u00fclt\u00fcr"},"content":{"rendered":"","protected":false},"excerpt":{"rendered":"","protected":false},"author":1,"featured_media":0,"parent":0,"menu_order":0,"comment_status":"closed","ping_status":"closed","template":"blog-page.php","meta":{"om_disable_all_campaigns":false,"_monsterinsights_skip_tracking":false,"_monsterinsights_sitenote_active":false,"_monsterinsights_sitenote_note":"","_monsterinsights_sitenote_category":0,"footnotes":""},"class_list":["post-620","page","type-page","status-publish","hentry"],"acf":[],"aioseo_notices":[],"aioseo_head":"\n\t\t<!-- All in One SEO Pro 4.6.2 - aioseo.com -->\n\t\t<meta name=\"description\" content=\"K\u00fclt\u00fcr tasar\u0131m\u0131, organizasyonlar\u0131n de\u011ferlerini ve davran\u0131\u015flar\u0131n\u0131 etkiler. \u0130\u015f yerinde olumlu bir ortam yaratmak ve performans\u0131 art\u0131rmak i\u00e7in \u00f6nemlidir.\" \/>\n\t\t<meta name=\"robots\" content=\"max-image-preview:large\" \/>\n\t\t<link rel=\"canonical\" href=\"https:\/\/oysterbc.com\/tr\/kultur\/\" \/>\n\t\t<meta name=\"generator\" content=\"All in One SEO Pro (AIOSEO) 4.6.2\" \/>\n\t\t<meta property=\"og:locale\" content=\"tr_TR\" \/>\n\t\t<meta property=\"og:site_name\" content=\"Oyster Brand Consulting | Marka D\u00f6n\u00fc\u015f\u00fcm Dan\u0131\u015fmanl\u0131\u011f\u0131 | \u0130stanbul -\" \/>\n\t\t<meta property=\"og:type\" content=\"article\" \/>\n\t\t<meta property=\"og:title\" content=\"K\u00fclt\u00fcr Tasar\u0131m\u0131: Organizasyonunuz \u0130\u00e7in Neden \u00d6nemlidir?\" \/>\n\t\t<meta property=\"og:description\" content=\"K\u00fclt\u00fcr tasar\u0131m\u0131, organizasyonlar\u0131n de\u011ferlerini ve davran\u0131\u015flar\u0131n\u0131 etkiler. \u0130\u015f yerinde olumlu bir ortam yaratmak ve performans\u0131 art\u0131rmak i\u00e7in \u00f6nemlidir.\" \/>\n\t\t<meta property=\"og:url\" content=\"https:\/\/oysterbc.com\/tr\/kultur\/\" \/>\n\t\t<meta property=\"og:image\" content=\"https:\/\/oysterbc.com\/wp-content\/uploads\/2023\/10\/logo.svg\" \/>\n\t\t<meta property=\"og:image:secure_url\" content=\"https:\/\/oysterbc.com\/wp-content\/uploads\/2023\/10\/logo.svg\" \/>\n\t\t<meta property=\"og:image:width\" content=\"149\" \/>\n\t\t<meta property=\"og:image:height\" content=\"43\" \/>\n\t\t<meta property=\"article:published_time\" content=\"2023-11-12T17:18:08+00:00\" \/>\n\t\t<meta property=\"article:modified_time\" content=\"2024-09-03T15:38:37+00:00\" \/>\n\t\t<meta name=\"twitter:card\" content=\"summary_large_image\" \/>\n\t\t<meta name=\"twitter:title\" content=\"K\u00fclt\u00fcr Tasar\u0131m\u0131: Organizasyonunuz \u0130\u00e7in Neden \u00d6nemlidir?\" \/>\n\t\t<meta name=\"twitter:description\" content=\"K\u00fclt\u00fcr tasar\u0131m\u0131, organizasyonlar\u0131n de\u011ferlerini ve davran\u0131\u015flar\u0131n\u0131 etkiler. \u0130\u015f yerinde olumlu bir ortam yaratmak ve performans\u0131 art\u0131rmak i\u00e7in \u00f6nemlidir.\" \/>\n\t\t<meta name=\"twitter:image\" content=\"https:\/\/oysterbc.com\/wp-content\/uploads\/2023\/10\/logo.svg\" \/>\n\t\t<script type=\"application\/ld+json\" class=\"aioseo-schema\">\n\t\t\t{\"@context\":\"https:\\\/\\\/schema.org\",\"@graph\":[{\"@type\":\"BreadcrumbList\",\"@id\":\"https:\\\/\\\/oysterbc.com\\\/tr\\\/kultur\\\/#breadcrumblist\",\"itemListElement\":[{\"@type\":\"ListItem\",\"@id\":\"https:\\\/\\\/oysterbc.com\\\/tr\\\/#listItem\",\"position\":1,\"name\":\"Home\",\"item\":\"https:\\\/\\\/oysterbc.com\\\/tr\\\/\",\"nextItem\":\"https:\\\/\\\/oysterbc.com\\\/tr\\\/kultur\\\/#listItem\"},{\"@type\":\"ListItem\",\"@id\":\"https:\\\/\\\/oysterbc.com\\\/tr\\\/kultur\\\/#listItem\",\"position\":2,\"name\":\"K\\u00fclt\\u00fcr\",\"previousItem\":\"https:\\\/\\\/oysterbc.com\\\/tr\\\/#listItem\"}]},{\"@type\":\"Organization\",\"@id\":\"https:\\\/\\\/oysterbc.com\\\/tr\\\/#organization\",\"name\":\"Oyster Brand Consulting | Marka D\\u00f6n\\u00fc\\u015f\\u00fcm Dan\\u0131\\u015fmanl\\u0131\\u011f\\u0131 | \\u0130stanbul\",\"url\":\"https:\\\/\\\/oysterbc.com\\\/tr\\\/\",\"logo\":{\"@type\":\"ImageObject\",\"url\":\"https:\\\/\\\/oysterbc.com\\\/wp-content\\\/uploads\\\/2023\\\/10\\\/logo.svg\",\"@id\":\"https:\\\/\\\/oysterbc.com\\\/tr\\\/kultur\\\/#organizationLogo\",\"width\":149,\"height\":43},\"image\":{\"@id\":\"https:\\\/\\\/oysterbc.com\\\/tr\\\/#organizationLogo\"},\"contactPoint\":{\"@type\":\"ContactPoint\",\"telephone\":\"+905308789947\",\"contactType\":\"Customer Support\"}},{\"@type\":\"WebPage\",\"@id\":\"https:\\\/\\\/oysterbc.com\\\/tr\\\/kultur\\\/#webpage\",\"url\":\"https:\\\/\\\/oysterbc.com\\\/tr\\\/kultur\\\/\",\"name\":\"K\\u00fclt\\u00fcr Tasar\\u0131m\\u0131: Organizasyonunuz \\u0130\\u00e7in Neden \\u00d6nemlidir?\",\"description\":\"K\\u00fclt\\u00fcr tasar\\u0131m\\u0131, organizasyonlar\\u0131n de\\u011ferlerini ve davran\\u0131\\u015flar\\u0131n\\u0131 etkiler. \\u0130\\u015f yerinde olumlu bir ortam yaratmak ve performans\\u0131 art\\u0131rmak i\\u00e7in \\u00f6nemlidir.\",\"inLanguage\":\"tr-TR\",\"isPartOf\":{\"@id\":\"https:\\\/\\\/oysterbc.com\\\/tr\\\/#website\"},\"breadcrumb\":{\"@id\":\"https:\\\/\\\/oysterbc.com\\\/tr\\\/kultur\\\/#breadcrumblist\"},\"datePublished\":\"2023-11-12T17:18:08+00:00\",\"dateModified\":\"2024-09-03T15:38:37+00:00\"},{\"@type\":\"WebSite\",\"@id\":\"https:\\\/\\\/oysterbc.com\\\/tr\\\/#website\",\"url\":\"https:\\\/\\\/oysterbc.com\\\/tr\\\/\",\"name\":\"Oyster Brand Consulting | Marka D\\u00f6n\\u00fc\\u015f\\u00fcm Dan\\u0131\\u015fmanl\\u0131\\u011f\\u0131 | \\u0130stanbul\",\"inLanguage\":\"tr-TR\",\"publisher\":{\"@id\":\"https:\\\/\\\/oysterbc.com\\\/tr\\\/#organization\"}}]}\n\t\t<\/script>\n\t\t<!-- All in One SEO Pro -->\r\n\t\t<title>K\u00fclt\u00fcr Tasar\u0131m\u0131: Organizasyonunuz \u0130\u00e7in Neden \u00d6nemlidir?<\/title>\n\n","aioseo_head_json":{"title":"K\u00fclt\u00fcr Tasar\u0131m\u0131: Organizasyonunuz \u0130\u00e7in Neden \u00d6nemlidir?","description":"K\u00fclt\u00fcr tasar\u0131m\u0131, organizasyonlar\u0131n de\u011ferlerini ve davran\u0131\u015flar\u0131n\u0131 etkiler. \u0130\u015f yerinde olumlu bir ortam yaratmak ve performans\u0131 art\u0131rmak i\u00e7in \u00f6nemlidir.","canonical_url":"https:\/\/oysterbc.com\/tr\/kultur\/","robots":"max-image-preview:large","keywords":"","webmasterTools":{"miscellaneous":""},"og:locale":"tr_TR","og:site_name":"Oyster Brand Consulting | Marka D\u00f6n\u00fc\u015f\u00fcm Dan\u0131\u015fmanl\u0131\u011f\u0131 | \u0130stanbul -","og:type":"article","og:title":"K\u00fclt\u00fcr Tasar\u0131m\u0131: Organizasyonunuz \u0130\u00e7in Neden \u00d6nemlidir?","og:description":"K\u00fclt\u00fcr tasar\u0131m\u0131, organizasyonlar\u0131n de\u011ferlerini ve davran\u0131\u015flar\u0131n\u0131 etkiler. \u0130\u015f yerinde olumlu bir ortam yaratmak ve performans\u0131 art\u0131rmak i\u00e7in \u00f6nemlidir.","og:url":"https:\/\/oysterbc.com\/tr\/kultur\/","og:image":"https:\/\/oysterbc.com\/wp-content\/uploads\/2023\/10\/logo.svg","og:image:secure_url":"https:\/\/oysterbc.com\/wp-content\/uploads\/2023\/10\/logo.svg","og:image:width":149,"og:image:height":43,"article:published_time":"2023-11-12T17:18:08+00:00","article:modified_time":"2024-09-03T15:38:37+00:00","twitter:card":"summary_large_image","twitter:title":"K\u00fclt\u00fcr Tasar\u0131m\u0131: Organizasyonunuz \u0130\u00e7in Neden \u00d6nemlidir?","twitter:description":"K\u00fclt\u00fcr tasar\u0131m\u0131, organizasyonlar\u0131n de\u011ferlerini ve davran\u0131\u015flar\u0131n\u0131 etkiler. \u0130\u015f yerinde olumlu bir ortam yaratmak ve performans\u0131 art\u0131rmak i\u00e7in \u00f6nemlidir.","twitter:image":"https:\/\/oysterbc.com\/wp-content\/uploads\/2023\/10\/logo.svg","schema":{"@context":"https:\/\/schema.org","@graph":[{"@type":"BreadcrumbList","@id":"https:\/\/oysterbc.com\/tr\/kultur\/#breadcrumblist","itemListElement":[{"@type":"ListItem","@id":"https:\/\/oysterbc.com\/tr\/#listItem","position":1,"name":"Home","item":"https:\/\/oysterbc.com\/tr\/","nextItem":"https:\/\/oysterbc.com\/tr\/kultur\/#listItem"},{"@type":"ListItem","@id":"https:\/\/oysterbc.com\/tr\/kultur\/#listItem","position":2,"name":"K\u00fclt\u00fcr","previousItem":"https:\/\/oysterbc.com\/tr\/#listItem"}]},{"@type":"Organization","@id":"https:\/\/oysterbc.com\/tr\/#organization","name":"Oyster Brand Consulting | Marka D\u00f6n\u00fc\u015f\u00fcm Dan\u0131\u015fmanl\u0131\u011f\u0131 | \u0130stanbul","url":"https:\/\/oysterbc.com\/tr\/","logo":{"@type":"ImageObject","url":"https:\/\/oysterbc.com\/wp-content\/uploads\/2023\/10\/logo.svg","@id":"https:\/\/oysterbc.com\/tr\/kultur\/#organizationLogo","width":149,"height":43},"image":{"@id":"https:\/\/oysterbc.com\/tr\/#organizationLogo"},"contactPoint":{"@type":"ContactPoint","telephone":"+905308789947","contactType":"Customer Support"}},{"@type":"WebPage","@id":"https:\/\/oysterbc.com\/tr\/kultur\/#webpage","url":"https:\/\/oysterbc.com\/tr\/kultur\/","name":"K\u00fclt\u00fcr Tasar\u0131m\u0131: Organizasyonunuz \u0130\u00e7in Neden \u00d6nemlidir?","description":"K\u00fclt\u00fcr tasar\u0131m\u0131, organizasyonlar\u0131n de\u011ferlerini ve davran\u0131\u015flar\u0131n\u0131 etkiler. \u0130\u015f yerinde olumlu bir ortam yaratmak ve performans\u0131 art\u0131rmak i\u00e7in \u00f6nemlidir.","inLanguage":"tr-TR","isPartOf":{"@id":"https:\/\/oysterbc.com\/tr\/#website"},"breadcrumb":{"@id":"https:\/\/oysterbc.com\/tr\/kultur\/#breadcrumblist"},"datePublished":"2023-11-12T17:18:08+00:00","dateModified":"2024-09-03T15:38:37+00:00"},{"@type":"WebSite","@id":"https:\/\/oysterbc.com\/tr\/#website","url":"https:\/\/oysterbc.com\/tr\/","name":"Oyster Brand Consulting | Marka D\u00f6n\u00fc\u015f\u00fcm Dan\u0131\u015fmanl\u0131\u011f\u0131 | \u0130stanbul","inLanguage":"tr-TR","publisher":{"@id":"https:\/\/oysterbc.com\/tr\/#organization"}}]}},"aioseo_meta_data":{"post_id":"620","title":"K\u00fclt\u00fcr Tasar\u0131m\u0131: Organizasyonunuz \u0130\u00e7in Neden \u00d6nemlidir?","description":"K\u00fclt\u00fcr tasar\u0131m\u0131, organizasyonlar\u0131n de\u011ferlerini ve davran\u0131\u015flar\u0131n\u0131 etkiler. \u0130\u015f yerinde olumlu bir ortam yaratmak ve performans\u0131 art\u0131rmak i\u00e7in \u00f6nemlidir.","keywords":"[]","keyphrases":"{\"focus\":{\"keyphrase\":\"\",\"score\":0,\"analysis\":{\"keyphraseInTitle\":{\"score\":0,\"maxScore\":9,\"error\":1}}},\"additional\":[]}","primary_term":null,"canonical_url":null,"og_title":null,"og_description":null,"og_object_type":"default","og_image_type":"default","og_image_url":null,"og_image_width":null,"og_image_height":null,"og_image_custom_url":null,"og_image_custom_fields":null,"og_video":"","og_custom_url":null,"og_article_section":null,"og_article_tags":"[]","twitter_use_og":false,"twitter_card":"default","twitter_image_type":"default","twitter_image_url":null,"twitter_image_custom_url":null,"twitter_image_custom_fields":null,"twitter_title":null,"twitter_description":null,"schema":{"blockGraphs":[],"customGraphs":[],"default":{"data":{"Article":[],"Course":[],"Dataset":[],"FAQPage":[],"Movie":[],"Person":[],"Product":[],"Recipe":[],"Service":[],"SoftwareApplication":[],"WebPage":[]},"graphName":"WebPage","isEnabled":true},"graphs":[]},"schema_type":"default","schema_type_options":null,"pillar_content":false,"robots_default":true,"robots_noindex":false,"robots_noarchive":false,"robots_nosnippet":false,"robots_nofollow":false,"robots_noimageindex":false,"robots_noodp":false,"robots_notranslate":false,"robots_max_snippet":"-1","robots_max_videopreview":"-1","robots_max_imagepreview":"large","priority":null,"frequency":"default","local_seo":null,"limit_modified_date":false,"created":"2024-05-18 13:01:27","updated":"2024-09-03 15:45:51"},"aioseo_breadcrumb":"<div class=\"aioseo-breadcrumbs\"><span class=\"aioseo-breadcrumb\">\n\t<a href=\"https:\/\/oysterbc.com\/tr\/\" title=\"Home\">Home<\/a>\n<\/span><span class=\"aioseo-breadcrumb-separator\">\u00bb<\/span><span class=\"aioseo-breadcrumb\">\n\tK\u00fclt\u00fcr\n<\/span><\/div>","aioseo_breadcrumb_json":[{"label":"Home","link":"https:\/\/oysterbc.com\/tr\/"},{"label":"K\u00fclt\u00fcr","link":"https:\/\/oysterbc.com\/tr\/kultur\/"}],"_links":{"self":[{"href":"https:\/\/oysterbc.com\/tr\/wp-json\/wp\/v2\/pages\/620","targetHints":{"allow":["GET"]}}],"collection":[{"href":"https:\/\/oysterbc.com\/tr\/wp-json\/wp\/v2\/pages"}],"about":[{"href":"https:\/\/oysterbc.com\/tr\/wp-json\/wp\/v2\/types\/page"}],"author":[{"embeddable":true,"href":"https:\/\/oysterbc.com\/tr\/wp-json\/wp\/v2\/users\/1"}],"replies":[{"embeddable":true,"href":"https:\/\/oysterbc.com\/tr\/wp-json\/wp\/v2\/comments?post=620"}],"version-history":[{"count":1,"href":"https:\/\/oysterbc.com\/tr\/wp-json\/wp\/v2\/pages\/620\/revisions"}],"predecessor-version":[{"id":1353,"href":"https:\/\/oysterbc.com\/tr\/wp-json\/wp\/v2\/pages\/620\/revisions\/1353"}],"wp:attachment":[{"href":"https:\/\/oysterbc.com\/tr\/wp-json\/wp\/v2\/media?parent=620"}],"curies":[{"name":"wp","href":"https:\/\/api.w.org\/{rel}","templated":true}]}}